{"id":464,"date":"2021-03-06T17:53:08","date_gmt":"2021-03-06T17:53:08","guid":{"rendered":"https:\/\/spsmedical.fr\/accueil"},"modified":"2021-03-09T11:37:58","modified_gmt":"2021-03-09T11:37:58","slug":"accueil","status":"publish","type":"page","link":"https:\/\/spsmedical.fr\/fr","title":{"rendered":"Accueil"},"content":{"rendered":"\t\t<div data-elementor-type=\"wp-page\" data-elementor-id=\"464\" class=\"elementor elementor-464 elementor-22\" data-elementor-post-type=\"page\">\n\t\t\t\t\t\t<section class=\"elementor-section elementor-top-section elementor-element elementor-element-a9dcf04 elementor-section-content-middle elementor-section-boxed elementor-section-height-default elementor-section-height-default\" data-id=\"a9dcf04\" data-element_type=\"section\">\n\t\t\t\t\t\t<div class=\"elementor-container elementor-column-gap-default\">\n\t\t\t\t\t<div class=\"elementor-column elementor-col-50 elementor-top-column elementor-element elementor-element-60d61d0 elementor-invisible\" data-id=\"60d61d0\" data-element_type=\"column\" data-settings=\"{&quot;animation&quot;:&quot;fadeInLeft&quot;}\">\n\t\t\t<div class=\"elementor-widget-wrap elementor-element-populated\">\n\t\t\t\t\t\t<div class=\"elementor-element elementor-element-761c58c elementor-widget elementor-widget-image\" data-id=\"761c58c\" data-element_type=\"widget\" data-widget_type=\"image.default\">\n\t\t\t\t<div class=\"elementor-widget-container\">\n\t\t\t\t\t\t\t\t\t\t\t\t\t\t\t\t<a href=\"https:\/\/spsmedical.fr\/hospital-packaging\">\n\t\t\t\t\t\t\t<img decoding=\"async\" src=\"https:\/\/spsmedical.fr\/wp-content\/uploads\/elementor\/thumbs\/hospital-2-p3yndjgums20c99zqywlrkcyhd0bzlpey0hehq53pc.jpg\" title=\"Solutions de pr\u00e9vention des infections pour les unit\u00e9s de soins\" alt=\"Solutions de pr\u00e9vention des infections pour les unit\u00e9s de soins\" class=\"elementor-animation-float\" loading=\"lazy\" \/>\t\t\t\t\t\t\t\t<\/a>\n\t\t\t\t\t\t\t\t\t\t\t\t\t\t\t<\/div>\n\t\t\t\t<\/div>\n\t\t\t\t<div class=\"elementor-element elementor-element-fbc9fe9 elementor-widget elementor-widget-heading\" data-id=\"fbc9fe9\" data-element_type=\"widget\" data-widget_type=\"heading.default\">\n\t\t\t\t<div class=\"elementor-widget-container\">\n\t\t\t\t\t<h3 class=\"elementor-heading-title elementor-size-default\"><a href=\"https:\/\/spsmedical.fr\/hospital-packaging\">SOLUTIONS DE PR\u00c9VENTION DES INFECTIONS POUR LES UNIT\u00c9S DE SOINS<\/a><\/h3>\t\t\t\t<\/div>\n\t\t\t\t<\/div>\n\t\t\t\t\t<\/div>\n\t\t<\/div>\n\t\t\t\t<div class=\"elementor-column elementor-col-50 elementor-top-column elementor-element elementor-element-76fe817 elementor-invisible\" data-id=\"76fe817\" data-element_type=\"column\" data-settings=\"{&quot;animation&quot;:&quot;fadeInRight&quot;,&quot;animation_delay&quot;:0}\">\n\t\t\t<div class=\"elementor-widget-wrap elementor-element-populated\">\n\t\t\t\t\t\t<div class=\"elementor-element elementor-element-903f1b6 elementor-widget elementor-widget-image\" data-id=\"903f1b6\" data-element_type=\"widget\" data-widget_type=\"image.default\">\n\t\t\t\t<div class=\"elementor-widget-container\">\n\t\t\t\t\t\t\t\t\t\t\t\t\t\t\t\t<a href=\"https:\/\/spsmedical.fr\/medical-devices-manufacturers-packaging\">\n\t\t\t\t\t\t\t<img decoding=\"async\" src=\"https:\/\/spsmedical.fr\/wp-content\/uploads\/elementor\/thumbs\/mdm-p3yhxhar3tnwoc2dlpz16jgpv1d5gecyzlsduyubk0.jpg\" title=\"Solutions d&#8217;emballage pour les fabricants de dispositifs m\u00e9dicaux\" alt=\"Solutions d&#039;emballage pour les fabricants de dispositifs m\u00e9dicaux\" class=\"elementor-animation-float\" loading=\"lazy\" \/>\t\t\t\t\t\t\t\t<\/a>\n\t\t\t\t\t\t\t\t\t\t\t\t\t\t\t<\/div>\n\t\t\t\t<\/div>\n\t\t\t\t<div class=\"elementor-element elementor-element-7b918f9 elementor-widget elementor-widget-heading\" data-id=\"7b918f9\" data-element_type=\"widget\" data-widget_type=\"heading.default\">\n\t\t\t\t<div class=\"elementor-widget-container\">\n\t\t\t\t\t<h3 class=\"elementor-heading-title elementor-size-default\"><a href=\"https:\/\/spsmedical.fr\/medical-devices-manufacturers-packaging\">SOLUTIONS D'EMBALLAGE POUR LES FABRICANTS DE DISPOSITIFS M\u00c9DICAUX<\/a><\/h3>\t\t\t\t<\/div>\n\t\t\t\t<\/div>\n\t\t\t\t\t<\/div>\n\t\t<\/div>\n\t\t\t\t\t<\/div>\n\t\t<\/section>\n\t\t\t\t<\/div>\n\t\t","protected":false},"excerpt":{"rendered":"<p>SOLUTIONS DE PR\u00c9VENTION DES INFECTIONS POUR LES UNIT\u00c9S DE SOINS SOLUTIONS D&rsquo;EMBALLAGE POUR LES FABRICANTS DE DISPOSITIFS M\u00c9DICAUX<\/p>\n","protected":false},"author":1,"featured_media":0,"parent":0,"menu_order":0,"comment_status":"closed","ping_status":"closed","template":"","meta":{"footnotes":""},"yoast_head":"<!-- This site is optimized with the Yoast SEO plugin v22.6 - https:\/\/yoast.com\/wordpress\/plugins\/seo\/ -->\n<title>Accueil - SPSMEDICAL<\/title>\n<meta name=\"robots\" content=\"index, follow, max-snippet:-1, max-image-preview:large, max-video-preview:-1\" \/>\n<link rel=\"canonical\" href=\"https:\/\/spsmedical.fr\/fr\" \/>\n<meta property=\"og:locale\" content=\"fr_FR\" \/>\n<meta property=\"og:type\" content=\"article\" \/>\n<meta property=\"og:title\" content=\"Accueil - SPSMEDICAL\" \/>\n<meta property=\"og:description\" content=\"SOLUTIONS DE PR\u00c9VENTION DES INFECTIONS POUR LES UNIT\u00c9S DE SOINS SOLUTIONS D&rsquo;EMBALLAGE POUR LES FABRICANTS DE DISPOSITIFS M\u00c9DICAUX\" \/>\n<meta property=\"og:url\" content=\"https:\/\/spsmedical.fr\/fr\" \/>\n<meta property=\"og:site_name\" content=\"SPSMEDICAL\" \/>\n<meta property=\"article:modified_time\" content=\"2021-03-09T11:37:58+00:00\" \/>\n<meta property=\"og:image\" content=\"https:\/\/spsmedical.fr\/wp-content\/uploads\/elementor\/thumbs\/hospital-2-p3yndjgums20c99zqywlrkcyhd0bzlpey0hehq53pc.jpg\" \/>\n<meta name=\"twitter:card\" content=\"summary_large_image\" \/>\n<script type=\"application\/ld+json\" class=\"yoast-schema-graph\">{\"@context\":\"https:\/\/schema.org\",\"@graph\":[{\"@type\":\"WebPage\",\"@id\":\"https:\/\/spsmedical.fr\/fr\",\"url\":\"https:\/\/spsmedical.fr\/fr\",\"name\":\"Accueil - SPSMEDICAL\",\"isPartOf\":{\"@id\":\"https:\/\/spsmedical.fr\/fr#website\"},\"primaryImageOfPage\":{\"@id\":\"https:\/\/spsmedical.fr\/fr#primaryimage\"},\"image\":{\"@id\":\"https:\/\/spsmedical.fr\/fr#primaryimage\"},\"thumbnailUrl\":\"https:\/\/spsmedical.fr\/wp-content\/uploads\/elementor\/thumbs\/hospital-2-p3yndjgums20c99zqywlrkcyhd0bzlpey0hehq53pc.jpg\",\"datePublished\":\"2021-03-06T17:53:08+00:00\",\"dateModified\":\"2021-03-09T11:37:58+00:00\",\"breadcrumb\":{\"@id\":\"https:\/\/spsmedical.fr\/fr#breadcrumb\"},\"inLanguage\":\"fr-FR\",\"potentialAction\":[{\"@type\":\"ReadAction\",\"target\":[\"https:\/\/spsmedical.fr\/fr\"]}]},{\"@type\":\"ImageObject\",\"inLanguage\":\"fr-FR\",\"@id\":\"https:\/\/spsmedical.fr\/fr#primaryimage\",\"url\":\"https:\/\/spsmedical.fr\/wp-content\/uploads\/elementor\/thumbs\/hospital-2-p3yndjgums20c99zqywlrkcyhd0bzlpey0hehq53pc.jpg\",\"contentUrl\":\"https:\/\/spsmedical.fr\/wp-content\/uploads\/elementor\/thumbs\/hospital-2-p3yndjgums20c99zqywlrkcyhd0bzlpey0hehq53pc.jpg\"},{\"@type\":\"BreadcrumbList\",\"@id\":\"https:\/\/spsmedical.fr\/fr#breadcrumb\",\"itemListElement\":[{\"@type\":\"ListItem\",\"position\":1,\"name\":\"Accueil\",\"item\":\"https:\/\/spsmedical.fr\/fr\"},{\"@type\":\"ListItem\",\"position\":2,\"name\":\"Accueil\"}]},{\"@type\":\"WebSite\",\"@id\":\"https:\/\/spsmedical.fr\/fr#website\",\"url\":\"https:\/\/spsmedical.fr\/fr\",\"name\":\"SPSMEDICAL\",\"description\":\"\",\"publisher\":{\"@id\":\"https:\/\/spsmedical.fr\/fr#organization\"},\"potentialAction\":[{\"@type\":\"SearchAction\",\"target\":{\"@type\":\"EntryPoint\",\"urlTemplate\":\"https:\/\/spsmedical.fr\/fr?s={search_term_string}\"},\"query-input\":\"required name=search_term_string\"}],\"inLanguage\":\"fr-FR\"},{\"@type\":\"Organization\",\"@id\":\"https:\/\/spsmedical.fr\/fr#organization\",\"name\":\"SPSMEDICAL\",\"url\":\"https:\/\/spsmedical.fr\/fr\",\"logo\":{\"@type\":\"ImageObject\",\"inLanguage\":\"fr-FR\",\"@id\":\"https:\/\/spsmedical.fr\/fr#\/schema\/logo\/image\/\",\"url\":\"https:\/\/spsmedical.fr\/wp-content\/uploads\/2021\/03\/logo-sps-medical.png\",\"contentUrl\":\"https:\/\/spsmedical.fr\/wp-content\/uploads\/2021\/03\/logo-sps-medical.png\",\"width\":380,\"height\":129,\"caption\":\"SPSMEDICAL\"},\"image\":{\"@id\":\"https:\/\/spsmedical.fr\/fr#\/schema\/logo\/image\/\"}}]}<\/script>\n<!-- \/ Yoast SEO plugin. -->","yoast_head_json":{"title":"Accueil - SPSMEDICAL","robots":{"index":"index","follow":"follow","max-snippet":"max-snippet:-1","max-image-preview":"max-image-preview:large","max-video-preview":"max-video-preview:-1"},"canonical":"https:\/\/spsmedical.fr\/fr","og_locale":"fr_FR","og_type":"article","og_title":"Accueil - SPSMEDICAL","og_description":"SOLUTIONS DE PR\u00c9VENTION DES INFECTIONS POUR LES UNIT\u00c9S DE SOINS SOLUTIONS D&rsquo;EMBALLAGE POUR LES FABRICANTS DE DISPOSITIFS M\u00c9DICAUX","og_url":"https:\/\/spsmedical.fr\/fr","og_site_name":"SPSMEDICAL","article_modified_time":"2021-03-09T11:37:58+00:00","og_image":[{"url":"https:\/\/spsmedical.fr\/wp-content\/uploads\/elementor\/thumbs\/hospital-2-p3yndjgums20c99zqywlrkcyhd0bzlpey0hehq53pc.jpg"}],"twitter_card":"summary_large_image","schema":{"@context":"https:\/\/schema.org","@graph":[{"@type":"WebPage","@id":"https:\/\/spsmedical.fr\/fr","url":"https:\/\/spsmedical.fr\/fr","name":"Accueil - SPSMEDICAL","isPartOf":{"@id":"https:\/\/spsmedical.fr\/fr#website"},"primaryImageOfPage":{"@id":"https:\/\/spsmedical.fr\/fr#primaryimage"},"image":{"@id":"https:\/\/spsmedical.fr\/fr#primaryimage"},"thumbnailUrl":"https:\/\/spsmedical.fr\/wp-content\/uploads\/elementor\/thumbs\/hospital-2-p3yndjgums20c99zqywlrkcyhd0bzlpey0hehq53pc.jpg","datePublished":"2021-03-06T17:53:08+00:00","dateModified":"2021-03-09T11:37:58+00:00","breadcrumb":{"@id":"https:\/\/spsmedical.fr\/fr#breadcrumb"},"inLanguage":"fr-FR","potentialAction":[{"@type":"ReadAction","target":["https:\/\/spsmedical.fr\/fr"]}]},{"@type":"ImageObject","inLanguage":"fr-FR","@id":"https:\/\/spsmedical.fr\/fr#primaryimage","url":"https:\/\/spsmedical.fr\/wp-content\/uploads\/elementor\/thumbs\/hospital-2-p3yndjgums20c99zqywlrkcyhd0bzlpey0hehq53pc.jpg","contentUrl":"https:\/\/spsmedical.fr\/wp-content\/uploads\/elementor\/thumbs\/hospital-2-p3yndjgums20c99zqywlrkcyhd0bzlpey0hehq53pc.jpg"},{"@type":"BreadcrumbList","@id":"https:\/\/spsmedical.fr\/fr#breadcrumb","itemListElement":[{"@type":"ListItem","position":1,"name":"Accueil","item":"https:\/\/spsmedical.fr\/fr"},{"@type":"ListItem","position":2,"name":"Accueil"}]},{"@type":"WebSite","@id":"https:\/\/spsmedical.fr\/fr#website","url":"https:\/\/spsmedical.fr\/fr","name":"SPSMEDICAL","description":"","publisher":{"@id":"https:\/\/spsmedical.fr\/fr#organization"},"potentialAction":[{"@type":"SearchAction","target":{"@type":"EntryPoint","urlTemplate":"https:\/\/spsmedical.fr\/fr?s={search_term_string}"},"query-input":"required name=search_term_string"}],"inLanguage":"fr-FR"},{"@type":"Organization","@id":"https:\/\/spsmedical.fr\/fr#organization","name":"SPSMEDICAL","url":"https:\/\/spsmedical.fr\/fr","logo":{"@type":"ImageObject","inLanguage":"fr-FR","@id":"https:\/\/spsmedical.fr\/fr#\/schema\/logo\/image\/","url":"https:\/\/spsmedical.fr\/wp-content\/uploads\/2021\/03\/logo-sps-medical.png","contentUrl":"https:\/\/spsmedical.fr\/wp-content\/uploads\/2021\/03\/logo-sps-medical.png","width":380,"height":129,"caption":"SPSMEDICAL"},"image":{"@id":"https:\/\/spsmedical.fr\/fr#\/schema\/logo\/image\/"}}]}},"_links":{"self":[{"href":"https:\/\/spsmedical.fr\/fr\/wp-json\/wp\/v2\/pages\/464"}],"collection":[{"href":"https:\/\/spsmedical.fr\/fr\/wp-json\/wp\/v2\/pages"}],"about":[{"href":"https:\/\/spsmedical.fr\/fr\/wp-json\/wp\/v2\/types\/page"}],"author":[{"embeddable":true,"href":"https:\/\/spsmedical.fr\/fr\/wp-json\/wp\/v2\/users\/1"}],"replies":[{"embeddable":true,"href":"https:\/\/spsmedical.fr\/fr\/wp-json\/wp\/v2\/comments?post=464"}],"version-history":[{"count":3,"href":"https:\/\/spsmedical.fr\/fr\/wp-json\/wp\/v2\/pages\/464\/revisions"}],"predecessor-version":[{"id":684,"href":"https:\/\/spsmedical.fr\/fr\/wp-json\/wp\/v2\/pages\/464\/revisions\/684"}],"wp:attachment":[{"href":"https:\/\/spsmedical.fr\/fr\/wp-json\/wp\/v2\/media?parent=464"}],"curies":[{"name":"wp","href":"https:\/\/api.w.org\/{rel}","templated":true}]}}