{"id":413,"date":"2021-03-06T17:48:34","date_gmt":"2021-03-06T17:48:34","guid":{"rendered":"https:\/\/spsmedical.fr\/?page_id=413"},"modified":"2021-03-09T11:28:22","modified_gmt":"2021-03-09T11:28:22","slug":"contactez-nous","status":"publish","type":"page","link":"https:\/\/spsmedical.fr\/fr\/contactez-nous","title":{"rendered":"Contactez-nous"},"content":{"rendered":"\t\t<div data-elementor-type=\"wp-page\" data-elementor-id=\"413\" class=\"elementor elementor-413 elementor-26\" data-elementor-post-type=\"page\">\n\t\t\t\t\t\t<section class=\"elementor-section elementor-top-section elementor-element elementor-element-5baddbb elementor-section-boxed elementor-section-height-default elementor-section-height-default\" data-id=\"5baddbb\" data-element_type=\"section\">\n\t\t\t\t\t\t<div class=\"elementor-container elementor-column-gap-default\">\n\t\t\t\t\t<div class=\"elementor-column elementor-col-100 elementor-top-column elementor-element elementor-element-7c8a3e1\" data-id=\"7c8a3e1\" data-element_type=\"column\">\n\t\t\t<div class=\"elementor-widget-wrap elementor-element-populated\">\n\t\t\t\t\t\t<div class=\"elementor-element elementor-element-c698e5c elementor-widget elementor-widget-heading\" data-id=\"c698e5c\" data-element_type=\"widget\" data-widget_type=\"heading.default\">\n\t\t\t\t<div class=\"elementor-widget-container\">\n\t\t\t\t\t<h1 class=\"elementor-heading-title elementor-size-default\">Contactez-nous<\/h1>\t\t\t\t<\/div>\n\t\t\t\t<\/div>\n\t\t\t\t\t<\/div>\n\t\t<\/div>\n\t\t\t\t\t<\/div>\n\t\t<\/section>\n\t\t\t\t<section class=\"elementor-section elementor-top-section elementor-element elementor-element-6d33c1a elementor-section-boxed elementor-section-height-default elementor-section-height-default\" data-id=\"6d33c1a\" data-element_type=\"section\">\n\t\t\t\t\t\t<div class=\"elementor-container elementor-column-gap-default\">\n\t\t\t\t\t<div class=\"elementor-column elementor-col-100 elementor-top-column elementor-element elementor-element-491ef5c\" data-id=\"491ef5c\" data-element_type=\"column\">\n\t\t\t<div class=\"elementor-widget-wrap elementor-element-populated\">\n\t\t\t\t\t\t<div class=\"elementor-element elementor-element-219fa00 elementor-widget elementor-widget-text-editor\" data-id=\"219fa00\" data-element_type=\"widget\" data-widget_type=\"text-editor.default\">\n\t\t\t\t<div class=\"elementor-widget-container\">\n\t\t\t\t\t\t\t\t\t<p>Nous vous remercions de l&rsquo;int\u00e9r\u00eat que vous portez \u00e0 SPS Medical. Pour toute question, n&rsquo;h\u00e9sitez pas \u00e0 nous contacter.<\/p>\n\t\t\t\t\t\t\t\t<\/div>\n\t\t\t\t<\/div>\n\t\t\t\t<div class=\"elementor-element elementor-element-7163b63 elementor-widget elementor-widget-shortcode\" data-id=\"7163b63\" data-element_type=\"widget\" data-widget_type=\"shortcode.default\">\n\t\t\t\t<div class=\"elementor-widget-container\">\n\t\t\t\t\t\t\t<div class=\"elementor-shortcode\">\n<div class=\"wpcf7 no-js\" id=\"wpcf7-f442-o1\" lang=\"fr-FR\" dir=\"ltr\">\n<div class=\"screen-reader-response\"><p role=\"status\" aria-live=\"polite\" aria-atomic=\"true\"><\/p> <ul><\/ul><\/div>\n<form action=\"\/fr\/wp-json\/wp\/v2\/pages\/413#wpcf7-f442-o1\" method=\"post\" class=\"wpcf7-form init\" aria-label=\"Formulaire de contact\" novalidate=\"novalidate\" data-status=\"init\">\n<div style=\"display: none;\">\n<input type=\"hidden\" name=\"_wpcf7\" value=\"442\" \/>\n<input type=\"hidden\" name=\"_wpcf7_version\" value=\"5.9.8\" \/>\n<input type=\"hidden\" name=\"_wpcf7_locale\" value=\"fr_FR\" \/>\n<input type=\"hidden\" name=\"_wpcf7_unit_tag\" value=\"wpcf7-f442-o1\" \/>\n<input type=\"hidden\" name=\"_wpcf7_container_post\" value=\"0\" \/>\n<input type=\"hidden\" name=\"_wpcf7_posted_data_hash\" value=\"\" \/>\n<input type=\"hidden\" name=\"_wpcf7_recaptcha_response\" value=\"\" \/>\n<\/div>\n<div class=\"row\">\n\t<div class=\"col\" style=\"margin-bottom:20px;\">\n\t\t<p><label> Votre nom *<br \/>\n<span class=\"wpcf7-form-control-wrap\" data-name=\"your-name\"><input size=\"40\" maxlength=\"400\" class=\"wpcf7-form-control wpcf7-text wpcf7-validates-as-required\" aria-required=\"true\" aria-invalid=\"false\" value=\"\" type=\"text\" name=\"your-name\" \/><\/span> <\/label>\n\t\t<\/p>\n\t<\/div>\n\t<div class=\"col\" style=\"margin-bottom:20px;\">\n\t\t<p><label> Votre adresse e-mail *<br \/>\n<span class=\"wpcf7-form-control-wrap\" data-name=\"your-email\"><input size=\"40\" maxlength=\"400\" class=\"wpcf7-form-control wpcf7-email wpcf7-validates-as-required wpcf7-text wpcf7-validates-as-email\" aria-required=\"true\" aria-invalid=\"false\" value=\"\" type=\"email\" name=\"your-email\" \/><\/span> <\/label>\n\t\t<\/p>\n\t<\/div>\n<\/div>\n<div class=\"row\">\n\t<div class=\"col\" style=\"margin-bottom:20px;\">\n\t\t<p><label>Nom de l\u2019entreprise *<br \/>\n<span class=\"wpcf7-form-control-wrap\" data-name=\"company-name\"><input size=\"40\" maxlength=\"400\" class=\"wpcf7-form-control wpcf7-text wpcf7-validates-as-required\" aria-required=\"true\" aria-invalid=\"false\" value=\"\" type=\"text\" name=\"company-name\" \/><\/span> <\/label>\n\t\t<\/p>\n\t<\/div>\n\t<div class=\"col\" style=\"margin-bottom:20px;\">\n\t\t<p><label>Votre pays *<br \/>\n<span class=\"wpcf7-form-control-wrap\" data-name=\"countrytext-548\"><input size=\"40\" class=\"wpcf7-form-control wpcf7-countrytext wpcf7-validates-as-required wpcf7-text wpcf7-validates-as-countrytext\" aria-required=\"true\" aria-invalid=\"false\" value=\"\" type=\"text\" name=\"countrytext-548\" \/><\/span> <\/label>\n\t\t<\/p>\n\t<\/div>\n<\/div>\n<p><label> Sujet *<br \/>\n<span class=\"wpcf7-form-control-wrap\" data-name=\"your-subject\"><input size=\"40\" maxlength=\"400\" class=\"wpcf7-form-control wpcf7-text wpcf7-validates-as-required\" aria-required=\"true\" aria-invalid=\"false\" value=\"\" type=\"text\" name=\"your-subject\" \/><\/span> <\/label>\n<\/p>\n<p><label> Votre message ici *<br \/>\n<span class=\"wpcf7-form-control-wrap\" data-name=\"your-message\"><textarea cols=\"40\" rows=\"10\" maxlength=\"2000\" class=\"wpcf7-form-control wpcf7-textarea wpcf7-validates-as-required\" aria-required=\"true\" aria-invalid=\"false\" name=\"your-message\"><\/textarea><\/span> <\/label>\n<\/p>\n<p><input class=\"wpcf7-form-control wpcf7-submit has-spinner\" type=\"submit\" value=\"ENVOYER UN MESSAGE\" \/>\n<\/p><div class=\"wpcf7-response-output\" aria-hidden=\"true\"><\/div>\n<\/form>\n<\/div>\n<\/div>\n\t\t\t\t\t\t<\/div>\n\t\t\t\t<\/div>\n\t\t\t\t\t<\/div>\n\t\t<\/div>\n\t\t\t\t\t<\/div>\n\t\t<\/section>\n\t\t\t\t<\/div>\n\t\t","protected":false},"excerpt":{"rendered":"<p>Contactez-nous Nous vous remercions de l&rsquo;int\u00e9r\u00eat que vous portez \u00e0 SPS Medical. Pour toute question, n&rsquo;h\u00e9sitez pas \u00e0 nous contacter.<\/p>\n","protected":false},"author":1,"featured_media":0,"parent":0,"menu_order":0,"comment_status":"closed","ping_status":"closed","template":"","meta":{"footnotes":""},"yoast_head":"<!-- This site is optimized with the Yoast SEO plugin v22.6 - https:\/\/yoast.com\/wordpress\/plugins\/seo\/ -->\n<title>Contactez-nous - SPSMEDICAL<\/title>\n<meta name=\"robots\" content=\"index, follow, max-snippet:-1, max-image-preview:large, max-video-preview:-1\" \/>\n<link rel=\"canonical\" href=\"https:\/\/spsmedical.fr\/fr\/contactez-nous\" \/>\n<meta property=\"og:locale\" content=\"fr_FR\" \/>\n<meta property=\"og:type\" content=\"article\" \/>\n<meta property=\"og:title\" content=\"Contactez-nous - SPSMEDICAL\" \/>\n<meta property=\"og:description\" content=\"Contactez-nous Nous vous remercions de l&rsquo;int\u00e9r\u00eat que vous portez \u00e0 SPS Medical. Pour toute question, n&rsquo;h\u00e9sitez pas \u00e0 nous contacter.\" \/>\n<meta property=\"og:url\" content=\"https:\/\/spsmedical.fr\/fr\/contactez-nous\" \/>\n<meta property=\"og:site_name\" content=\"SPSMEDICAL\" \/>\n<meta property=\"article:modified_time\" content=\"2021-03-09T11:28:22+00:00\" \/>\n<meta name=\"twitter:card\" content=\"summary_large_image\" \/>\n<meta name=\"twitter:label1\" content=\"Dur\u00e9e de lecture estim\u00e9e\" \/>\n\t<meta name=\"twitter:data1\" content=\"1 minute\" \/>\n<script type=\"application\/ld+json\" class=\"yoast-schema-graph\">{\"@context\":\"https:\/\/schema.org\",\"@graph\":[{\"@type\":\"WebPage\",\"@id\":\"https:\/\/spsmedical.fr\/fr\/contactez-nous\",\"url\":\"https:\/\/spsmedical.fr\/fr\/contactez-nous\",\"name\":\"Contactez-nous - SPSMEDICAL\",\"isPartOf\":{\"@id\":\"https:\/\/spsmedical.fr\/fr#website\"},\"datePublished\":\"2021-03-06T17:48:34+00:00\",\"dateModified\":\"2021-03-09T11:28:22+00:00\",\"breadcrumb\":{\"@id\":\"https:\/\/spsmedical.fr\/fr\/contactez-nous#breadcrumb\"},\"inLanguage\":\"fr-FR\",\"potentialAction\":[{\"@type\":\"ReadAction\",\"target\":[\"https:\/\/spsmedical.fr\/fr\/contactez-nous\"]}]},{\"@type\":\"BreadcrumbList\",\"@id\":\"https:\/\/spsmedical.fr\/fr\/contactez-nous#breadcrumb\",\"itemListElement\":[{\"@type\":\"ListItem\",\"position\":1,\"name\":\"Accueil\",\"item\":\"https:\/\/spsmedical.fr\/fr\"},{\"@type\":\"ListItem\",\"position\":2,\"name\":\"Contactez-nous\"}]},{\"@type\":\"WebSite\",\"@id\":\"https:\/\/spsmedical.fr\/fr#website\",\"url\":\"https:\/\/spsmedical.fr\/fr\",\"name\":\"SPSMEDICAL\",\"description\":\"\",\"publisher\":{\"@id\":\"https:\/\/spsmedical.fr\/fr#organization\"},\"potentialAction\":[{\"@type\":\"SearchAction\",\"target\":{\"@type\":\"EntryPoint\",\"urlTemplate\":\"https:\/\/spsmedical.fr\/fr?s={search_term_string}\"},\"query-input\":\"required name=search_term_string\"}],\"inLanguage\":\"fr-FR\"},{\"@type\":\"Organization\",\"@id\":\"https:\/\/spsmedical.fr\/fr#organization\",\"name\":\"SPSMEDICAL\",\"url\":\"https:\/\/spsmedical.fr\/fr\",\"logo\":{\"@type\":\"ImageObject\",\"inLanguage\":\"fr-FR\",\"@id\":\"https:\/\/spsmedical.fr\/fr#\/schema\/logo\/image\/\",\"url\":\"https:\/\/spsmedical.fr\/wp-content\/uploads\/2021\/03\/logo-sps-medical.png\",\"contentUrl\":\"https:\/\/spsmedical.fr\/wp-content\/uploads\/2021\/03\/logo-sps-medical.png\",\"width\":380,\"height\":129,\"caption\":\"SPSMEDICAL\"},\"image\":{\"@id\":\"https:\/\/spsmedical.fr\/fr#\/schema\/logo\/image\/\"}}]}<\/script>\n<!-- \/ Yoast SEO plugin. -->","yoast_head_json":{"title":"Contactez-nous - SPSMEDICAL","robots":{"index":"index","follow":"follow","max-snippet":"max-snippet:-1","max-image-preview":"max-image-preview:large","max-video-preview":"max-video-preview:-1"},"canonical":"https:\/\/spsmedical.fr\/fr\/contactez-nous","og_locale":"fr_FR","og_type":"article","og_title":"Contactez-nous - SPSMEDICAL","og_description":"Contactez-nous Nous vous remercions de l&rsquo;int\u00e9r\u00eat que vous portez \u00e0 SPS Medical. Pour toute question, n&rsquo;h\u00e9sitez pas \u00e0 nous contacter.","og_url":"https:\/\/spsmedical.fr\/fr\/contactez-nous","og_site_name":"SPSMEDICAL","article_modified_time":"2021-03-09T11:28:22+00:00","twitter_card":"summary_large_image","twitter_misc":{"Dur\u00e9e de lecture estim\u00e9e":"1 minute"},"schema":{"@context":"https:\/\/schema.org","@graph":[{"@type":"WebPage","@id":"https:\/\/spsmedical.fr\/fr\/contactez-nous","url":"https:\/\/spsmedical.fr\/fr\/contactez-nous","name":"Contactez-nous - SPSMEDICAL","isPartOf":{"@id":"https:\/\/spsmedical.fr\/fr#website"},"datePublished":"2021-03-06T17:48:34+00:00","dateModified":"2021-03-09T11:28:22+00:00","breadcrumb":{"@id":"https:\/\/spsmedical.fr\/fr\/contactez-nous#breadcrumb"},"inLanguage":"fr-FR","potentialAction":[{"@type":"ReadAction","target":["https:\/\/spsmedical.fr\/fr\/contactez-nous"]}]},{"@type":"BreadcrumbList","@id":"https:\/\/spsmedical.fr\/fr\/contactez-nous#breadcrumb","itemListElement":[{"@type":"ListItem","position":1,"name":"Accueil","item":"https:\/\/spsmedical.fr\/fr"},{"@type":"ListItem","position":2,"name":"Contactez-nous"}]},{"@type":"WebSite","@id":"https:\/\/spsmedical.fr\/fr#website","url":"https:\/\/spsmedical.fr\/fr","name":"SPSMEDICAL","description":"","publisher":{"@id":"https:\/\/spsmedical.fr\/fr#organization"},"potentialAction":[{"@type":"SearchAction","target":{"@type":"EntryPoint","urlTemplate":"https:\/\/spsmedical.fr\/fr?s={search_term_string}"},"query-input":"required name=search_term_string"}],"inLanguage":"fr-FR"},{"@type":"Organization","@id":"https:\/\/spsmedical.fr\/fr#organization","name":"SPSMEDICAL","url":"https:\/\/spsmedical.fr\/fr","logo":{"@type":"ImageObject","inLanguage":"fr-FR","@id":"https:\/\/spsmedical.fr\/fr#\/schema\/logo\/image\/","url":"https:\/\/spsmedical.fr\/wp-content\/uploads\/2021\/03\/logo-sps-medical.png","contentUrl":"https:\/\/spsmedical.fr\/wp-content\/uploads\/2021\/03\/logo-sps-medical.png","width":380,"height":129,"caption":"SPSMEDICAL"},"image":{"@id":"https:\/\/spsmedical.fr\/fr#\/schema\/logo\/image\/"}}]}},"_links":{"self":[{"href":"https:\/\/spsmedical.fr\/fr\/wp-json\/wp\/v2\/pages\/413"}],"collection":[{"href":"https:\/\/spsmedical.fr\/fr\/wp-json\/wp\/v2\/pages"}],"about":[{"href":"https:\/\/spsmedical.fr\/fr\/wp-json\/wp\/v2\/types\/page"}],"author":[{"embeddable":true,"href":"https:\/\/spsmedical.fr\/fr\/wp-json\/wp\/v2\/users\/1"}],"replies":[{"embeddable":true,"href":"https:\/\/spsmedical.fr\/fr\/wp-json\/wp\/v2\/comments?post=413"}],"version-history":[{"count":3,"href":"https:\/\/spsmedical.fr\/fr\/wp-json\/wp\/v2\/pages\/413\/revisions"}],"predecessor-version":[{"id":678,"href":"https:\/\/spsmedical.fr\/fr\/wp-json\/wp\/v2\/pages\/413\/revisions\/678"}],"wp:attachment":[{"href":"https:\/\/spsmedical.fr\/fr\/wp-json\/wp\/v2\/media?parent=413"}],"curies":[{"name":"wp","href":"https:\/\/api.w.org\/{rel}","templated":true}]}}